{"id":8194,"date":"2024-07-01T17:11:48","date_gmt":"2024-07-01T15:11:48","guid":{"rendered":"https:\/\/spil.simem.com\/?page_id=8194"},"modified":"2024-07-02T14:03:16","modified_gmt":"2024-07-02T12:03:16","slug":"simem-spil-automazioni-precast-heritage","status":"publish","type":"page","link":"https:\/\/spil.simem.com\/it\/simem-spil-automazioni-precast-heritage\/","title":{"rendered":"SIMEM SPIL: Automazioni per prefabbricati"},"content":{"rendered":"\t\t<div data-elementor-type=\"wp-page\" data-elementor-id=\"8194\" class=\"elementor elementor-8194 elementor-2453\">\n\t\t\t\t\t\t<section class=\"elementor-section elementor-top-section elementor-element elementor-element-a842b5a elementor-section-boxed elementor-section-height-default elementor-section-height-default\" data-id=\"a842b5a\" data-element_type=\"section\" data-e-type=\"section\">\n\t\t\t\t\t\t<div class=\"elementor-container elementor-column-gap-default\">\n\t\t\t\t\t<div class=\"elementor-column elementor-col-100 elementor-top-column elementor-element elementor-element-5d5cbd7\" data-id=\"5d5cbd7\" data-element_type=\"column\" data-e-type=\"column\">\n\t\t\t<div class=\"elementor-widget-wrap elementor-element-populated\">\n\t\t\t\t\t\t<div class=\"elementor-element elementor-element-a35b24c elementor-widget elementor-widget-heading\" data-id=\"a35b24c\" data-element_type=\"widget\" data-e-type=\"widget\" data-widget_type=\"heading.default\">\n\t\t\t\t<div class=\"elementor-widget-container\">\n\t\t\t\t\t<h1 class=\"elementor-heading-title elementor-size-default\">SIMEM SPIL HERITAGE<\/h1>\t\t\t\t<\/div>\n\t\t\t\t<\/div>\n\t\t\t\t<div class=\"elementor-element elementor-element-b5273df elementor-widget elementor-widget-heading\" data-id=\"b5273df\" data-element_type=\"widget\" data-e-type=\"widget\" data-widget_type=\"heading.default\">\n\t\t\t\t<div class=\"elementor-widget-container\">\n\t\t\t\t\t<h2 class=\"elementor-heading-title elementor-size-default\">SOLUZIONI PREFABBRICATE DI QUALIT\u00c0\nPER UN MONDO MIGLIORE<\/h2>\t\t\t\t<\/div>\n\t\t\t\t<\/div>\n\t\t\t\t<div class=\"elementor-element elementor-element-96090fa elementor-widget elementor-widget-heading\" data-id=\"96090fa\" data-element_type=\"widget\" data-e-type=\"widget\" data-widget_type=\"heading.default\">\n\t\t\t\t<div class=\"elementor-widget-container\">\n\t\t\t\t\t<h3 class=\"elementor-heading-title elementor-size-default\">La storia<\/h3>\t\t\t\t<\/div>\n\t\t\t\t<\/div>\n\t\t\t\t<div class=\"elementor-element elementor-element-ff9d5ee elementor-widget elementor-widget-text-editor\" data-id=\"ff9d5ee\" data-element_type=\"widget\" data-e-type=\"widget\" data-widget_type=\"text-editor.default\">\n\t\t\t\t<div class=\"elementor-widget-container\">\n\t\t\t\t\t\t\t\t\t<p>Simem fornisce soluzioni per l&#8217;industria dei prefabbricati sin dai primi anni. <strong>A gennaio 2018 Schiaslo Spil \u00e8 entrata a far parte della famiglia SIMEM con il nome di SIMEM SPIL<\/strong> per integrare al meglio le competenze del Gruppo. \u00a0<\/p><p>Schiaslo Spil nasce nei primi anni &#8217;70 a San Biagio di Callalta, in provincia di Treviso, <strong>con la missione di progettare sistemi su misura per processi produttivi automatizzati nel settore della prefabbricazione.\u00a0<\/strong><\/p><p>Con quasi 60 anni di esperienza, l&#8217;azienda ha raccolto un importante database di attrezzature e macchinari e ha sviluppato una propria gamma di impianti prefabbricati proponendo installazioni per tutti i tipi di elementi in calcestruzzo come lastre, pareti, travi, colonne, pali, e segmenti di tunnel accanto al tradizionale la produzione di stampi in acciaio per elementi in calcestruzzo. \u00a0<\/p><p>Questa nuova e potente partnership apporta ulteriore competenza a SIMEM &#8211; un patrimonio immateriale accumulato attraverso le numerose invenzioni e installazioni create in passato dal team SCHIASLO-SPIL. La combinazione del programma articolato di betonaggio e miscelazione SIMEM con la progettazione e la fornitura di apparecchiature di distribuzione e formatura, che era la missione di SCHIASLO SPIL, permetter\u00e0 di offrire soluzioni chiave per qualsiasi processo di colata di calcestruzzo industrializzato.\u00a0<\/p>\t\t\t\t\t\t\t\t<\/div>\n\t\t\t\t<\/div>\n\t\t\t\t\t<\/div>\n\t\t<\/div>\n\t\t\t\t\t<\/div>\n\t\t<\/section>\n\t\t\t\t<section class=\"elementor-section elementor-top-section elementor-element elementor-element-adb0ae9 elementor-section-boxed elementor-section-height-default elementor-section-height-default\" data-id=\"adb0ae9\" data-element_type=\"section\" data-e-type=\"section\" data-settings=\"{&quot;background_background&quot;:&quot;classic&quot;}\">\n\t\t\t\t\t\t<div class=\"elementor-container elementor-column-gap-default\">\n\t\t\t\t\t<div class=\"elementor-column elementor-col-100 elementor-top-column elementor-element elementor-element-6695819\" data-id=\"6695819\" data-element_type=\"column\" data-e-type=\"column\">\n\t\t\t<div class=\"elementor-widget-wrap elementor-element-populated\">\n\t\t\t\t\t\t<div class=\"elementor-element elementor-element-f2aa836 elementor-widget elementor-widget-heading\" data-id=\"f2aa836\" data-element_type=\"widget\" data-e-type=\"widget\" data-widget_type=\"heading.default\">\n\t\t\t\t<div class=\"elementor-widget-container\">\n\t\t\t\t\t<h3 class=\"elementor-heading-title elementor-size-default\">Il Percorso<\/h3>\t\t\t\t<\/div>\n\t\t\t\t<\/div>\n\t\t\t\t<div class=\"elementor-element elementor-element-459f733 elementor-widget elementor-widget-text-editor\" data-id=\"459f733\" data-element_type=\"widget\" data-e-type=\"widget\" data-widget_type=\"text-editor.default\">\n\t\t\t\t<div class=\"elementor-widget-container\">\n\t\t\t\t\t\t\t\t\t<p>Fin dall&#8217;inizio l&#8217;idea di Schiaslo SPIL \u00e8 stata quella di portare ai propri clienti le migliori soluzioni.\u00a0\u00a0<\/p><p><strong>L&#8217;ingegneria meccanica e l&#8217;automazione<\/strong> sono sempre state al centro dell&#8217;attenzione dell&#8217;azienda e, all&#8217;inizio, ha prodotto macchinari per la movimentazione e il confezionamento di molti prodotti diversi. \u00a0<\/p><p>Schiaslo Spil ha iniziato a concentrarsi sull&#8217;industria del calcestruzzo negli anni &#8217;70 e la sua prima macchina \u00e8 stata una macchina per l&#8217;architrave in mattoni di argilla. Da allora, l&#8217;azienda ha sviluppato una gamma di macchinari per l&#8217;uso in prefabbricati, blocchi e Wetcast. I primi anni i suoi prodotti si sono concentrati principalmente sul mercato italiano con attrezzature di produzione per prodotti combinati argilla\/calcestruzzo come architravi e travi. \u00a0<\/p><p>All&#8217;inizio degli anni &#8217;90 l&#8217;azienda ha iniziato a fornire caroselli per il mercato tedesco e quindi ha sviluppato i suoi prodotti e le sue conoscenze in questo campo. \u00a0<\/p><p>Schiaslo Spil, ora SIMEM Spil, \u00e8 pienamente focalizzata sul progresso all&#8217;interno di questo mercato per <strong>fornire ai propri clienti le migliori SOLUZIONI per le loro sfide.\u00a0<\/strong><\/p>\t\t\t\t\t\t\t\t<\/div>\n\t\t\t\t<\/div>\n\t\t\t\t<section class=\"elementor-section elementor-inner-section elementor-element elementor-element-a0cb740 elementor-section-boxed elementor-section-height-default elementor-section-height-default\" data-id=\"a0cb740\" data-element_type=\"section\" data-e-type=\"section\">\n\t\t\t\t\t\t<div class=\"elementor-container elementor-column-gap-default\">\n\t\t\t\t\t<div class=\"elementor-column elementor-col-50 elementor-inner-column elementor-element elementor-element-3b157bf\" data-id=\"3b157bf\" data-element_type=\"column\" data-e-type=\"column\">\n\t\t\t<div class=\"elementor-widget-wrap elementor-element-populated\">\n\t\t\t\t\t\t\t<\/div>\n\t\t<\/div>\n\t\t\t\t<div class=\"elementor-column elementor-col-50 elementor-inner-column elementor-element elementor-element-a6ddbf5\" data-id=\"a6ddbf5\" data-element_type=\"column\" data-e-type=\"column\">\n\t\t\t<div class=\"elementor-widget-wrap elementor-element-populated\">\n\t\t\t\t\t\t\t<\/div>\n\t\t<\/div>\n\t\t\t\t\t<\/div>\n\t\t<\/section>\n\t\t\t\t\t<\/div>\n\t\t<\/div>\n\t\t\t\t\t<\/div>\n\t\t<\/section>\n\t\t\t\t<section class=\"elementor-section elementor-top-section elementor-element elementor-element-2573f1d elementor-section-boxed elementor-section-height-default elementor-section-height-default\" data-id=\"2573f1d\" data-element_type=\"section\" data-e-type=\"section\">\n\t\t\t\t\t\t<div class=\"elementor-container elementor-column-gap-default\">\n\t\t\t\t\t<div class=\"elementor-column elementor-col-100 elementor-top-column elementor-element elementor-element-c74a7f8\" data-id=\"c74a7f8\" data-element_type=\"column\" data-e-type=\"column\">\n\t\t\t<div class=\"elementor-widget-wrap elementor-element-populated\">\n\t\t\t\t\t\t<div class=\"elementor-element elementor-element-8956b06 elementor-widget elementor-widget-spacer\" data-id=\"8956b06\" data-element_type=\"widget\" data-e-type=\"widget\" data-widget_type=\"spacer.default\">\n\t\t\t\t<div class=\"elementor-widget-container\">\n\t\t\t\t\t\t\t<div class=\"elementor-spacer\">\n\t\t\t<div class=\"elementor-spacer-inner\"><\/div>\n\t\t<\/div>\n\t\t\t\t\t\t<\/div>\n\t\t\t\t<\/div>\n\t\t\t\t<div class=\"elementor-element elementor-element-307d564 elementor-widget elementor-widget-heading\" data-id=\"307d564\" data-element_type=\"widget\" data-e-type=\"widget\" data-widget_type=\"heading.default\">\n\t\t\t\t<div class=\"elementor-widget-container\">\n\t\t\t\t\t<h3 class=\"elementor-heading-title elementor-size-default\">L'eccellenza di Simem Spil <\/h3>\t\t\t\t<\/div>\n\t\t\t\t<\/div>\n\t\t\t\t<div class=\"elementor-element elementor-element-97cdb31 elementor-widget elementor-widget-text-editor\" data-id=\"97cdb31\" data-element_type=\"widget\" data-e-type=\"widget\" data-widget_type=\"text-editor.default\">\n\t\t\t\t<div class=\"elementor-widget-container\">\n\t\t\t\t\t\t\t\t\t<p>Per diventare <strong>l&#8217;azienda di riferimento per impianti e macchine prefabbricate,<\/strong> Simem Spil ha sviluppato una vasta gamma di prodotti, rispondendo alle esigenze di ogni cliente con soluzioni intelligenti ed efficienti.\u00a0<\/p><p><strong>Tecnologia, innovazione, affidabilit\u00e0, qualit\u00e0 e servizi post-vendita<\/strong> sono fattori che contraddistinguono Simem Spil e che la rendono unica nel settore. Avere sia una gamma standard di soluzioni sia la possibilit\u00e0 di sviluppare impianti su misura, fanno di Simem Spil un partner ideale nel settore della prefabbricazione.\u00a0<\/p><p>La gamma di prodotti comprende <strong>un&#8217;ampia variet\u00e0 di soluzioni<\/strong>: formatrici e linee di lavorazione automatizzate specificamente progettate per travi e architravi in calcestruzzo e mattoni, pannelli, segmenti di tunnel, pali, blocchi e vari elementi personalizzati, tra cui pavimenti isolati, pietre ricostruite e pareti a sandwich.\u00a0<\/p>\t\t\t\t\t\t\t\t<\/div>\n\t\t\t\t<\/div>\n\t\t\t\t<section class=\"elementor-section elementor-inner-section elementor-element elementor-element-985fb5a elementor-section-boxed elementor-section-height-default elementor-section-height-default\" data-id=\"985fb5a\" data-element_type=\"section\" data-e-type=\"section\">\n\t\t\t\t\t\t<div class=\"elementor-container elementor-column-gap-default\">\n\t\t\t\t\t<div class=\"elementor-column elementor-col-50 elementor-inner-column elementor-element elementor-element-15f3754\" data-id=\"15f3754\" data-element_type=\"column\" data-e-type=\"column\">\n\t\t\t<div class=\"elementor-widget-wrap elementor-element-populated\">\n\t\t\t\t\t\t<div class=\"elementor-element elementor-element-c6587f5 elementor-widget elementor-widget-image\" data-id=\"c6587f5\" data-element_type=\"widget\" data-e-type=\"widget\" data-widget_type=\"image.default\">\n\t\t\t\t<div class=\"elementor-widget-container\">\n\t\t\t\t\t\t\t\t\t\t\t\t\t\t\t\t<a href=\"https:\/\/spil.simem.com\/products\/machines\/\">\n\t\t\t\t\t\t\t<img fetchpriority=\"high\" decoding=\"async\" width=\"640\" height=\"313\" src=\"https:\/\/spil.simem.com\/wp-content\/uploads\/2022\/08\/PELLICAN-L3000_211-1-768x375.jpg\" class=\"attachment-medium_large size-medium_large wp-image-7368\" alt=\"Simem Spil Pelican conveying system\" srcset=\"https:\/\/spil.simem.com\/wp-content\/uploads\/2022\/08\/PELLICAN-L3000_211-1-768x375.jpg 768w, https:\/\/spil.simem.com\/wp-content\/uploads\/2022\/08\/PELLICAN-L3000_211-1-300x146.jpg 300w, https:\/\/spil.simem.com\/wp-content\/uploads\/2022\/08\/PELLICAN-L3000_211-1-1024x500.jpg 1024w, https:\/\/spil.simem.com\/wp-content\/uploads\/2022\/08\/PELLICAN-L3000_211-1.jpg 1193w\" sizes=\"(max-width: 640px) 100vw, 640px\" \/>\t\t\t\t\t\t\t\t<\/a>\n\t\t\t\t\t\t\t\t\t\t\t\t\t\t\t<\/div>\n\t\t\t\t<\/div>\n\t\t\t\t<div class=\"elementor-element elementor-element-b2e3118 elementor-widget elementor-widget-text-editor\" data-id=\"b2e3118\" data-element_type=\"widget\" data-e-type=\"widget\" data-widget_type=\"text-editor.default\">\n\t\t\t\t<div class=\"elementor-widget-container\">\n\t\t\t\t\t\t\t\t\t<p><a href=\"https:\/\/spil.simem.com\/it\/prodotti\/machines\/\">Macchine<\/a><\/p>\t\t\t\t\t\t\t\t<\/div>\n\t\t\t\t<\/div>\n\t\t\t\t\t<\/div>\n\t\t<\/div>\n\t\t\t\t<div class=\"elementor-column elementor-col-50 elementor-inner-column elementor-element elementor-element-80be38a\" data-id=\"80be38a\" data-element_type=\"column\" data-e-type=\"column\">\n\t\t\t<div class=\"elementor-widget-wrap elementor-element-populated\">\n\t\t\t\t\t\t<div class=\"elementor-element elementor-element-207a4b1 elementor-widget elementor-widget-image\" data-id=\"207a4b1\" data-element_type=\"widget\" data-e-type=\"widget\" data-widget_type=\"image.default\">\n\t\t\t\t<div class=\"elementor-widget-container\">\n\t\t\t\t\t\t\t\t\t\t\t\t\t\t\t\t<a href=\"https:\/\/spil.simem.com\/products\/plants\/\">\n\t\t\t\t\t\t\t<img decoding=\"async\" width=\"640\" height=\"313\" src=\"https:\/\/spil.simem.com\/wp-content\/uploads\/2022\/08\/Schiaslo_USA_00061-768x375.jpg\" class=\"attachment-medium_large size-medium_large wp-image-7354\" alt=\"octopus\" srcset=\"https:\/\/spil.simem.com\/wp-content\/uploads\/2022\/08\/Schiaslo_USA_00061-768x375.jpg 768w, https:\/\/spil.simem.com\/wp-content\/uploads\/2022\/08\/Schiaslo_USA_00061-300x146.jpg 300w, https:\/\/spil.simem.com\/wp-content\/uploads\/2022\/08\/Schiaslo_USA_00061-1024x500.jpg 1024w, https:\/\/spil.simem.com\/wp-content\/uploads\/2022\/08\/Schiaslo_USA_00061.jpg 1193w\" sizes=\"(max-width: 640px) 100vw, 640px\" \/>\t\t\t\t\t\t\t\t<\/a>\n\t\t\t\t\t\t\t\t\t\t\t\t\t\t\t<\/div>\n\t\t\t\t<\/div>\n\t\t\t\t<div class=\"elementor-element elementor-element-1fa11a6 elementor-widget elementor-widget-text-editor\" data-id=\"1fa11a6\" data-element_type=\"widget\" data-e-type=\"widget\" data-widget_type=\"text-editor.default\">\n\t\t\t\t<div class=\"elementor-widget-container\">\n\t\t\t\t\t\t\t\t\t<p><a href=\"https:\/\/spil.simem.com\/it\/prodotti\/impianti\/\">Impianti<\/a><\/p>\t\t\t\t\t\t\t\t<\/div>\n\t\t\t\t<\/div>\n\t\t\t\t\t<\/div>\n\t\t<\/div>\n\t\t\t\t\t<\/div>\n\t\t<\/section>\n\t\t\t\t\t<\/div>\n\t\t<\/div>\n\t\t\t\t\t<\/div>\n\t\t<\/section>\n\t\t\t\t<section class=\"elementor-section elementor-top-section elementor-element elementor-element-fe226f2 elementor-section-boxed elementor-section-height-default elementor-section-height-default\" data-id=\"fe226f2\" data-element_type=\"section\" data-e-type=\"section\">\n\t\t\t\t\t\t<div class=\"elementor-container elementor-column-gap-default\">\n\t\t\t\t\t<div class=\"elementor-column elementor-col-100 elementor-top-column elementor-element elementor-element-cb75e7d\" data-id=\"cb75e7d\" data-element_type=\"column\" data-e-type=\"column\">\n\t\t\t<div class=\"elementor-widget-wrap elementor-element-populated\">\n\t\t\t\t\t\t<div class=\"elementor-element elementor-element-f1d230a elementor-widget elementor-widget-heading\" data-id=\"f1d230a\" data-element_type=\"widget\" data-e-type=\"widget\" data-widget_type=\"heading.default\">\n\t\t\t\t<div class=\"elementor-widget-container\">\n\t\t\t\t\t<h3 class=\"elementor-heading-title elementor-size-default\">Come Lavoriamo<\/h3>\t\t\t\t<\/div>\n\t\t\t\t<\/div>\n\t\t\t\t<div class=\"elementor-element elementor-element-650f892 elementor-widget elementor-widget-text-editor\" data-id=\"650f892\" data-element_type=\"widget\" data-e-type=\"widget\" data-widget_type=\"text-editor.default\">\n\t\t\t\t<div class=\"elementor-widget-container\">\n\t\t\t\t\t\t\t\t\t<p><strong>CONOSCENZA &amp; INGEGNERIA<\/strong><\/p><p>Il reparto Ricerca &amp; Sviluppo \u00e8 il vero centro strategico di SIMEM Spil ed \u00e8 orientato ad evolvere i migliori prodotti possibili utilizzando le tecnologie <strong>pi\u00f9 innovative ed efficaci,<\/strong> con un team di ingegneri esperti che utilizzano gli strumenti pi\u00f9 recenti, lavorare in collaborazione con i clienti per comprendere le loro esigenze e convertirle in prodotti e servizi adeguati.\u00a0<\/p>\t\t\t\t\t\t\t\t<\/div>\n\t\t\t\t<\/div>\n\t\t\t\t<div class=\"elementor-element elementor-element-dbc5c32 elementor-widget elementor-widget-image\" data-id=\"dbc5c32\" data-element_type=\"widget\" data-e-type=\"widget\" data-widget_type=\"image.default\">\n\t\t\t\t<div class=\"elementor-widget-container\">\n\t\t\t\t\t\t\t\t\t\t\t\t\t\t\t<img decoding=\"async\" width=\"1920\" height=\"1271\" src=\"https:\/\/spil.simem.com\/wp-content\/uploads\/2022\/08\/key42.156.jpg\" class=\"attachment-full size-full wp-image-7436\" alt=\"\" srcset=\"https:\/\/spil.simem.com\/wp-content\/uploads\/2022\/08\/key42.156.jpg 1920w, https:\/\/spil.simem.com\/wp-content\/uploads\/2022\/08\/key42.156-300x199.jpg 300w, https:\/\/spil.simem.com\/wp-content\/uploads\/2022\/08\/key42.156-1024x678.jpg 1024w, https:\/\/spil.simem.com\/wp-content\/uploads\/2022\/08\/key42.156-768x508.jpg 768w, https:\/\/spil.simem.com\/wp-content\/uploads\/2022\/08\/key42.156-1536x1017.jpg 1536w\" sizes=\"(max-width: 1920px) 100vw, 1920px\" \/>\t\t\t\t\t\t\t\t\t\t\t\t\t\t\t<\/div>\n\t\t\t\t<\/div>\n\t\t\t\t<div class=\"elementor-element elementor-element-270f1cc elementor-widget elementor-widget-heading\" data-id=\"270f1cc\" data-element_type=\"widget\" data-e-type=\"widget\" data-widget_type=\"heading.default\">\n\t\t\t\t<div class=\"elementor-widget-container\">\n\t\t\t\t\t<h3 class=\"elementor-heading-title elementor-size-default\">Produzione e vendita<\/h3>\t\t\t\t<\/div>\n\t\t\t\t<\/div>\n\t\t\t\t<div class=\"elementor-element elementor-element-99f48d1 elementor-widget elementor-widget-text-editor\" data-id=\"99f48d1\" data-element_type=\"widget\" data-e-type=\"widget\" data-widget_type=\"text-editor.default\">\n\t\t\t\t<div class=\"elementor-widget-container\">\n\t\t\t\t\t\t\t\t\t<p>La sede di SIMEM Spil copre un&#8217;area di 3.000 m\u00b2, dove vengono sviluppate, progettate e fabbricate tutte le attrezzature SIMEM Spil.\u00a0<\/p><p>Una <strong>rete di vendita diffusa e professionale<\/strong> garantisce una copertura quasi totale del territorio, con l&#8217;obiettivo di assistere e supportare il cliente attraverso conoscenze tecniche e disponibilit\u00e0 ad assisterlo in tempi rapidi garantendo la massima efficienza produttiva.<\/p>\t\t\t\t\t\t\t\t<\/div>\n\t\t\t\t<\/div>\n\t\t\t\t<div class=\"elementor-element elementor-element-c1201c3 elementor-widget elementor-widget-heading\" data-id=\"c1201c3\" data-element_type=\"widget\" data-e-type=\"widget\" data-widget_type=\"heading.default\">\n\t\t\t\t<div class=\"elementor-widget-container\">\n\t\t\t\t\t<h3 class=\"elementor-heading-title elementor-size-default\">Service<\/h3>\t\t\t\t<\/div>\n\t\t\t\t<\/div>\n\t\t\t\t<div class=\"elementor-element elementor-element-14b5b5a elementor-widget elementor-widget-text-editor\" data-id=\"14b5b5a\" data-element_type=\"widget\" data-e-type=\"widget\" data-widget_type=\"text-editor.default\">\n\t\t\t\t<div class=\"elementor-widget-container\">\n\t\t\t\t\t\t\t\t\t<p>La missione di SIMEM Spil, fin dai nostri esordi, \u00e8 quella di fornire soluzioni tecnologiche innovative ad un mercato in continua evoluzione. SIMEM offre un apprezzamento delle esigenze del settore e una concentrazione sui dettagli in ciascuno dei suoi numerosi progetti. Attraverso tutte le fasi di un progetto come c&#8217;\u00e8 progettazione, costruzione, installazione e la vita di un impianto,<strong> i nostri clienti hanno il supporto continuo della nostra tecnologia all&#8217;avanguardia e personale esperto.<\/strong> SIMEM Spil ha sviluppato un <strong>programma di assistenza completo<\/strong> volto ad assistere i propri clienti nel mantenimento di un elevato livello di prestazioni dell&#8217;impianto, riducendo al contempo i costi operativi.<\/p>\t\t\t\t\t\t\t\t<\/div>\n\t\t\t\t<\/div>\n\t\t\t\t\t<\/div>\n\t\t<\/div>\n\t\t\t\t\t<\/div>\n\t\t<\/section>\n\t\t\t\t<section class=\"elementor-section elementor-top-section elementor-element elementor-element-b3acba9 elementor-section-boxed elementor-section-height-default elementor-section-height-default\" data-id=\"b3acba9\" data-element_type=\"section\" data-e-type=\"section\">\n\t\t\t\t\t\t<div class=\"elementor-container elementor-column-gap-default\">\n\t\t\t\t\t<div class=\"elementor-column elementor-col-100 elementor-top-column elementor-element elementor-element-469e5a5\" data-id=\"469e5a5\" data-element_type=\"column\" data-e-type=\"column\">\n\t\t\t<div class=\"elementor-widget-wrap elementor-element-populated\">\n\t\t\t\t\t\t<div class=\"elementor-element elementor-element-ac7e107 elementor-widget elementor-widget-image\" data-id=\"ac7e107\" data-element_type=\"widget\" data-e-type=\"widget\" data-widget_type=\"image.default\">\n\t\t\t\t<div class=\"elementor-widget-container\">\n\t\t\t\t\t\t\t\t\t\t\t\t\t\t\t<img loading=\"lazy\" decoding=\"async\" width=\"1447\" height=\"814\" src=\"https:\/\/spil.simem.com\/wp-content\/uploads\/2022\/08\/spil-headquarter-slider.jpg\" class=\"attachment-full size-full wp-image-7118\" alt=\"spil headquarter slider home\" srcset=\"https:\/\/spil.simem.com\/wp-content\/uploads\/2022\/08\/spil-headquarter-slider.jpg 1447w, https:\/\/spil.simem.com\/wp-content\/uploads\/2022\/08\/spil-headquarter-slider-300x169.jpg 300w, https:\/\/spil.simem.com\/wp-content\/uploads\/2022\/08\/spil-headquarter-slider-1024x576.jpg 1024w, https:\/\/spil.simem.com\/wp-content\/uploads\/2022\/08\/spil-headquarter-slider-768x432.jpg 768w\" sizes=\"(max-width: 1447px) 100vw, 1447px\" \/>\t\t\t\t\t\t\t\t\t\t\t\t\t\t\t<\/div>\n\t\t\t\t<\/div>\n\t\t\t\t\t<\/div>\n\t\t<\/div>\n\t\t\t\t\t<\/div>\n\t\t<\/section>\n\t\t\t\t<\/div>\n\t\t","protected":false},"excerpt":{"rendered":"<p>SIMEM SPIL HERITAGE SOLUZIONI PREFABBRICATE DI QUALIT\u00c0 PER UN MONDO MIGLIORE La storia Simem fornisce soluzioni per l&#8217;industria dei prefabbricati sin dai primi anni. A gennaio 2018 Schiaslo Spil \u00e8 entrata a far parte della famiglia SIMEM con il nome di SIMEM SPIL per integrare al meglio le competenze del Gruppo. \u00a0 Schiaslo Spil nasce [&hellip;]<\/p>\n","protected":false},"author":1,"featured_media":0,"parent":0,"menu_order":14,"comment_status":"closed","ping_status":"closed","template":"","meta":{"footnotes":""},"class_list":["post-8194","page","type-page","status-publish","hentry"],"_links":{"self":[{"href":"https:\/\/spil.simem.com\/it\/wp-json\/wp\/v2\/pages\/8194","targetHints":{"allow":["GET"]}}],"collection":[{"href":"https:\/\/spil.simem.com\/it\/wp-json\/wp\/v2\/pages"}],"about":[{"href":"https:\/\/spil.simem.com\/it\/wp-json\/wp\/v2\/types\/page"}],"author":[{"embeddable":true,"href":"https:\/\/spil.simem.com\/it\/wp-json\/wp\/v2\/users\/1"}],"replies":[{"embeddable":true,"href":"https:\/\/spil.simem.com\/it\/wp-json\/wp\/v2\/comments?post=8194"}],"version-history":[{"count":11,"href":"https:\/\/spil.simem.com\/it\/wp-json\/wp\/v2\/pages\/8194\/revisions"}],"predecessor-version":[{"id":8400,"href":"https:\/\/spil.simem.com\/it\/wp-json\/wp\/v2\/pages\/8194\/revisions\/8400"}],"wp:attachment":[{"href":"https:\/\/spil.simem.com\/it\/wp-json\/wp\/v2\/media?parent=8194"}],"curies":[{"name":"wp","href":"https:\/\/api.w.org\/{rel}","templated":true}]}}